{"id":1132,"date":"2022-05-19T14:47:22","date_gmt":"2022-05-19T13:47:22","guid":{"rendered":"https:\/\/gaticao.pt\/?page_id=1132"},"modified":"2022-05-24T19:07:26","modified_gmt":"2022-05-24T18:07:26","slug":"mapa-do-website","status":"publish","type":"page","link":"https:\/\/gaticao.pt\/en\/mapa-do-website\/","title":{"rendered":"Sitemap"},"content":{"rendered":"<div data-elementor-type=\"wp-page\" data-elementor-id=\"1132\" class=\"elementor elementor-1132\" data-elementor-post-type=\"page\">\n\t\t\t\t\t\t\t\t\t<section class=\"elementor-section elementor-top-section elementor-element elementor-element-4f78ac2 elementor-section-boxed elementor-section-height-default elementor-section-height-default\" data-id=\"4f78ac2\" data-element_type=\"section\" data-settings=\"{&quot;background_background&quot;:&quot;classic&quot;}\">\n\t\t\t\t\t\t<div class=\"elementor-container elementor-column-gap-default\">\n\t\t\t\t\t<div class=\"elementor-column elementor-col-100 elementor-top-column elementor-element elementor-element-29dde10\" data-id=\"29dde10\" data-element_type=\"column\">\n\t\t\t<div class=\"elementor-widget-wrap elementor-element-populated\">\n\t\t\t\t\t\t\t\t<div class=\"elementor-element elementor-element-81f3201 elementor-widget elementor-widget-heading\" data-id=\"81f3201\" data-element_type=\"widget\" data-widget_type=\"heading.default\">\n\t\t\t\t<div class=\"elementor-widget-container\">\n\t\t\t<style>\/*! elementor - v3.15.0 - 20-08-2023 *\/\n.elementor-heading-title{padding:0;margin:0;line-height:1}.elementor-widget-heading .elementor-heading-title[class*=elementor-size-]>a{color:inherit;font-size:inherit;line-height:inherit}.elementor-widget-heading .elementor-heading-title.elementor-size-small{font-size:15px}.elementor-widget-heading .elementor-heading-title.elementor-size-medium{font-size:19px}.elementor-widget-heading .elementor-heading-title.elementor-size-large{font-size:29px}.elementor-widget-heading .elementor-heading-title.elementor-size-xl{font-size:39px}.elementor-widget-heading .elementor-heading-title.elementor-size-xxl{font-size:59px}<\/style><h1 class=\"elementor-heading-title elementor-size-default\">Sitemap<\/h1>\t\t<\/div>\n\t\t\t\t<\/div>\n\t\t\t\t<div class=\"elementor-element elementor-element-6556d40 elementor-widget elementor-widget-sitemap\" data-id=\"6556d40\" data-element_type=\"widget\" data-widget_type=\"sitemap.default\">\n\t\t\t\t<div class=\"elementor-widget-container\">\n\t\t\t<link rel=\"stylesheet\" href=\"https:\/\/gaticao.pt\/wp-content\/plugins\/elementor-pro\/assets\/css\/widget-theme-elements.min.css\"><div class=\"elementor-sitemap-wrap\"><div class=\"elementor-sitemap-section\"><h2 class=\"elementor-sitemap-title elementor-sitemap-page-title\">P\u00e1ginas<\/h2><ul class=\"elementor-sitemap-list elementor-sitemap-page-list\"><li class=\"elementor-sitemap-item elementor-sitemap-item-page page_item page-item-339\"><a href=\"https:\/\/gaticao.pt\/en\/minha-conta\/\">A minha conta<\/a><\/li><li class=\"elementor-sitemap-item elementor-sitemap-item-page page_item page-item-39\"><a href=\"https:\/\/gaticao.pt\/en\/animais-para-adotar\/\">Adopt<\/a><\/li><li class=\"elementor-sitemap-item elementor-sitemap-item-page page_item page-item-750\"><a href=\"https:\/\/gaticao.pt\/en\/amigo-gaticao\/\">Become a Friend<\/a><\/li><li class=\"elementor-sitemap-item elementor-sitemap-item-page page_item page-item-37\"><a href=\"https:\/\/gaticao.pt\/en\/apoiar\/\">How Can I Help?<\/a><\/li><li class=\"elementor-sitemap-item elementor-sitemap-item-page page_item page-item-1755\"><a href=\"https:\/\/gaticao.pt\/en\/blog-acoes\/\">Blog &#038; A\u00e7\u00f5es<\/a><\/li><li class=\"elementor-sitemap-item elementor-sitemap-item-page page_item page-item-337\"><a href=\"https:\/\/gaticao.pt\/en\/carrinho\/\">Carrinho<\/a><\/li><li class=\"elementor-sitemap-item elementor-sitemap-item-page page_item page-item-41\"><a href=\"https:\/\/gaticao.pt\/en\/contactos\/\">Contacts<\/a><\/li><li class=\"elementor-sitemap-item elementor-sitemap-item-page page_item page-item-338\"><a href=\"https:\/\/gaticao.pt\/en\/finalizar-doacao\/\">Finalizar Doa\u00e7\u00e3o<\/a><\/li><li class=\"elementor-sitemap-item elementor-sitemap-item-page page_item page-item-13\"><a href=\"https:\/\/gaticao.pt\/en\/\">Home<\/a><\/li><li class=\"elementor-sitemap-item elementor-sitemap-item-page page_item page-item-1132\"><a href=\"https:\/\/gaticao.pt\/en\/mapa-do-website\/\">Sitemap<\/a><\/li><li class=\"elementor-sitemap-item elementor-sitemap-item-page page_item page-item-1524\"><a href=\"https:\/\/gaticao.pt\/en\/parcerias\/\">Parcerias<\/a><\/li><li class=\"elementor-sitemap-item elementor-sitemap-item-page page_item page-item-3\"><a href=\"https:\/\/gaticao.pt\/en\/politica-privacidade\/\">Pol\u00edtica de Privacidade<\/a><\/li><li class=\"elementor-sitemap-item elementor-sitemap-item-page page_item page-item-35\"><a href=\"https:\/\/gaticao.pt\/en\/sobre-nos\/\">About Us<\/a><\/li><li class=\"elementor-sitemap-item elementor-sitemap-item-page page_item page-item-340\"><a href=\"https:\/\/gaticao.pt\/en\/termos-condicoes\/\">Terms and Conditions<\/a><\/li><\/ul><\/div><div class=\"elementor-sitemap-section\"><h2 class=\"elementor-sitemap-title elementor-sitemap-product-title\">Produtos<\/h2><ul class=\"elementor-sitemap-list elementor-sitemap-product-list\"><li class=\"elementor-sitemap-item elementor-sitemap-item-product page_item page-item-444\"><a href=\"https:\/\/gaticao.pt\/en\/product\/cabaz-comida\/\">Food<\/a><\/li><li class=\"elementor-sitemap-item elementor-sitemap-item-product page_item page-item-442\"><a href=\"https:\/\/gaticao.pt\/en\/product\/cabaz-medicacao\/\">Medicine<\/a><\/li><li class=\"elementor-sitemap-item elementor-sitemap-item-product page_item page-item-440\"><a href=\"https:\/\/gaticao.pt\/en\/product\/cabaz-veterinario\/\">Veterinarian<\/a><\/li><\/ul><\/div><div class=\"elementor-sitemap-section\"><h2 class=\"elementor-sitemap-title elementor-sitemap-category-title\">Categorias<\/h2><ul class=\"elementor-sitemap-list elementor-sitemap-category-list\">\t<li class=\"elementor-sitemap-item elementor-sitemap-item-category cat-item cat-item-14\"><a href=\"https:\/\/gaticao.pt\/en\/category\/animais\/\">animais<\/a>\n<\/li>\n\t<li class=\"elementor-sitemap-item elementor-sitemap-item-category cat-item cat-item-34\"><a href=\"https:\/\/gaticao.pt\/en\/category\/blog\/\">blog<\/a>\n<\/li>\n\t<li class=\"elementor-sitemap-item elementor-sitemap-item-category cat-item cat-item-17\"><a href=\"https:\/\/gaticao.pt\/en\/category\/projetos\/\">projetos<\/a>\n<\/li>\n<\/ul><\/div><\/div>\t\t<\/div>\n\t\t\t\t<\/div>\n\t\t\t\t\t<\/div>\n\t\t<\/div>\n\t\t\t\t\t\t\t<\/div>\n\t\t<\/section>\n\t\t\t\t\t\t\t<\/div>","protected":false},"excerpt":{"rendered":"<p>Sitemap<\/p>","protected":false},"author":5,"featured_media":1243,"parent":0,"menu_order":0,"comment_status":"closed","ping_status":"closed","template":"elementor_header_footer","meta":{"footnotes":""},"class_list":["post-1132","page","type-page","status-publish","has-post-thumbnail","hentry"],"yoast_head":"<!-- This site is optimized with the Yoast SEO plugin v21.0 - https:\/\/yoast.com\/wordpress\/plugins\/seo\/ -->\n<title>Mapa do Website - Gatic\u00e3o<\/title>\n<meta name=\"description\" content=\"Nesta p\u00e1gina pode consultar o mapa do website da Associa\u00e7\u00e3o dos Amigos dos Animais Abandonados de Vagos - Gatic\u00e3o.\" \/>\n<meta name=\"robots\" content=\"index, follow, max-snippet:-1, max-image-preview:large, max-video-preview:-1\" \/>\n<link rel=\"canonical\" href=\"https:\/\/gaticao.pt\/en\/mapa-do-website\/\" \/>\n<meta property=\"og:locale\" content=\"en_GB\" \/>\n<meta property=\"og:type\" content=\"article\" \/>\n<meta property=\"og:title\" content=\"Mapa do Website\" \/>\n<meta property=\"og:description\" content=\"Nesta p\u00e1gina pode consultar o mapa do website da Associa\u00e7\u00e3o dos Amigos dos Animais Abandonados de Vagos - Gatic\u00e3o.\" \/>\n<meta property=\"og:url\" content=\"https:\/\/gaticao.pt\/en\/mapa-do-website\/\" \/>\n<meta property=\"og:site_name\" content=\"Gatic\u00e3o\" \/>\n<meta property=\"article:publisher\" content=\"https:\/\/www.facebook.com\/gaticao\" \/>\n<meta property=\"article:modified_time\" content=\"2022-05-24T18:07:26+00:00\" \/>\n<meta property=\"og:image\" content=\"https:\/\/gaticao.pt\/wp-content\/uploads\/2022\/05\/Banner_Easy-Resize.com_.jpg\" \/>\n\t<meta property=\"og:image:width\" content=\"1280\" \/>\n\t<meta property=\"og:image:height\" content=\"350\" \/>\n\t<meta property=\"og:image:type\" content=\"image\/jpeg\" \/>\n<meta name=\"twitter:card\" content=\"summary_large_image\" \/>\n<meta name=\"twitter:label1\" content=\"Estimated reading time\" \/>\n\t<meta name=\"twitter:data1\" content=\"1 minute\" \/>\n<script type=\"application\/ld+json\" class=\"yoast-schema-graph\">{\"@context\":\"https:\/\/schema.org\",\"@graph\":[{\"@type\":\"WebPage\",\"@id\":\"https:\/\/gaticao.pt\/mapa-do-website\/\",\"url\":\"https:\/\/gaticao.pt\/mapa-do-website\/\",\"name\":\"Mapa do Website - Gatic\u00e3o\",\"isPartOf\":{\"@id\":\"https:\/\/gaticao.pt\/#website\"},\"datePublished\":\"2022-05-19T13:47:22+00:00\",\"dateModified\":\"2022-05-24T18:07:26+00:00\",\"description\":\"Nesta p\u00e1gina pode consultar o mapa do website da Associa\u00e7\u00e3o dos Amigos dos Animais Abandonados de Vagos - Gatic\u00e3o.\",\"breadcrumb\":{\"@id\":\"https:\/\/gaticao.pt\/mapa-do-website\/#breadcrumb\"},\"inLanguage\":\"en-GB\",\"potentialAction\":[{\"@type\":\"ReadAction\",\"target\":[\"https:\/\/gaticao.pt\/mapa-do-website\/\"]}]},{\"@type\":\"BreadcrumbList\",\"@id\":\"https:\/\/gaticao.pt\/mapa-do-website\/#breadcrumb\",\"itemListElement\":[{\"@type\":\"ListItem\",\"position\":1,\"name\":\"In\u00edcio\",\"item\":\"https:\/\/gaticao.pt\/\"},{\"@type\":\"ListItem\",\"position\":2,\"name\":\"Mapa do Website\"}]},{\"@type\":\"WebSite\",\"@id\":\"https:\/\/gaticao.pt\/#website\",\"url\":\"https:\/\/gaticao.pt\/\",\"name\":\"Gatic\u00e3o\",\"description\":\"Associa\u00e7\u00e3o dos Amigos dos Animais Abandonados de Vagos\",\"publisher\":{\"@id\":\"https:\/\/gaticao.pt\/#organization\"},\"potentialAction\":[{\"@type\":\"SearchAction\",\"target\":{\"@type\":\"EntryPoint\",\"urlTemplate\":\"https:\/\/gaticao.pt\/?s={search_term_string}\"},\"query-input\":\"required name=search_term_string\"}],\"inLanguage\":\"en-GB\"},{\"@type\":\"Organization\",\"@id\":\"https:\/\/gaticao.pt\/#organization\",\"name\":\"Gatic\u00e3o - Associa\u00e7\u00e3o dos Amigos dos Animais Abandonados\",\"url\":\"https:\/\/gaticao.pt\/\",\"logo\":{\"@type\":\"ImageObject\",\"inLanguage\":\"en-GB\",\"@id\":\"https:\/\/gaticao.pt\/#\/schema\/logo\/image\/\",\"url\":\"https:\/\/gaticao.pt\/wp-content\/uploads\/2022\/04\/gaticao.png\",\"contentUrl\":\"https:\/\/gaticao.pt\/wp-content\/uploads\/2022\/04\/gaticao.png\",\"width\":207,\"height\":243,\"caption\":\"Gatic\u00e3o - Associa\u00e7\u00e3o dos Amigos dos Animais Abandonados\"},\"image\":{\"@id\":\"https:\/\/gaticao.pt\/#\/schema\/logo\/image\/\"},\"sameAs\":[\"https:\/\/www.facebook.com\/gaticao\",\"https:\/\/www.linkedin.com\/company\/associao-gatico\/\",\"https:\/\/www.youtube.com\/channel\/UCNiOXDqcc5764EWTcuenOLw\",\"https:\/\/www.instagram.com\/gaticao_associacao\/\"]}]}<\/script>\n<!-- \/ Yoast SEO plugin. -->","yoast_head_json":{"title":"Mapa do Website - Gatic\u00e3o","description":"Nesta p\u00e1gina pode consultar o mapa do website da Associa\u00e7\u00e3o dos Amigos dos Animais Abandonados de Vagos - Gatic\u00e3o.","robots":{"index":"index","follow":"follow","max-snippet":"max-snippet:-1","max-image-preview":"max-image-preview:large","max-video-preview":"max-video-preview:-1"},"canonical":"https:\/\/gaticao.pt\/en\/mapa-do-website\/","og_locale":"en_GB","og_type":"article","og_title":"Mapa do Website","og_description":"Nesta p\u00e1gina pode consultar o mapa do website da Associa\u00e7\u00e3o dos Amigos dos Animais Abandonados de Vagos - Gatic\u00e3o.","og_url":"https:\/\/gaticao.pt\/en\/mapa-do-website\/","og_site_name":"Gatic\u00e3o","article_publisher":"https:\/\/www.facebook.com\/gaticao","article_modified_time":"2022-05-24T18:07:26+00:00","og_image":[{"width":1280,"height":350,"url":"https:\/\/gaticao.pt\/wp-content\/uploads\/2022\/05\/Banner_Easy-Resize.com_.jpg","type":"image\/jpeg"}],"twitter_card":"summary_large_image","twitter_misc":{"Estimated reading time":"1 minute"},"schema":{"@context":"https:\/\/schema.org","@graph":[{"@type":"WebPage","@id":"https:\/\/gaticao.pt\/mapa-do-website\/","url":"https:\/\/gaticao.pt\/mapa-do-website\/","name":"Mapa do Website - Gatic\u00e3o","isPartOf":{"@id":"https:\/\/gaticao.pt\/#website"},"datePublished":"2022-05-19T13:47:22+00:00","dateModified":"2022-05-24T18:07:26+00:00","description":"Nesta p\u00e1gina pode consultar o mapa do website da Associa\u00e7\u00e3o dos Amigos dos Animais Abandonados de Vagos - Gatic\u00e3o.","breadcrumb":{"@id":"https:\/\/gaticao.pt\/mapa-do-website\/#breadcrumb"},"inLanguage":"en-GB","potentialAction":[{"@type":"ReadAction","target":["https:\/\/gaticao.pt\/mapa-do-website\/"]}]},{"@type":"BreadcrumbList","@id":"https:\/\/gaticao.pt\/mapa-do-website\/#breadcrumb","itemListElement":[{"@type":"ListItem","position":1,"name":"In\u00edcio","item":"https:\/\/gaticao.pt\/"},{"@type":"ListItem","position":2,"name":"Mapa do Website"}]},{"@type":"WebSite","@id":"https:\/\/gaticao.pt\/#website","url":"https:\/\/gaticao.pt\/","name":"Gatic\u00e3o","description":"Associa\u00e7\u00e3o dos Amigos dos Animais Abandonados de Vagos","publisher":{"@id":"https:\/\/gaticao.pt\/#organization"},"potentialAction":[{"@type":"SearchAction","target":{"@type":"EntryPoint","urlTemplate":"https:\/\/gaticao.pt\/?s={search_term_string}"},"query-input":"required name=search_term_string"}],"inLanguage":"en-GB"},{"@type":"Organization","@id":"https:\/\/gaticao.pt\/#organization","name":"Gatic\u00e3o - Associa\u00e7\u00e3o dos Amigos dos Animais Abandonados","url":"https:\/\/gaticao.pt\/","logo":{"@type":"ImageObject","inLanguage":"en-GB","@id":"https:\/\/gaticao.pt\/#\/schema\/logo\/image\/","url":"https:\/\/gaticao.pt\/wp-content\/uploads\/2022\/04\/gaticao.png","contentUrl":"https:\/\/gaticao.pt\/wp-content\/uploads\/2022\/04\/gaticao.png","width":207,"height":243,"caption":"Gatic\u00e3o - Associa\u00e7\u00e3o dos Amigos dos Animais Abandonados"},"image":{"@id":"https:\/\/gaticao.pt\/#\/schema\/logo\/image\/"},"sameAs":["https:\/\/www.facebook.com\/gaticao","https:\/\/www.linkedin.com\/company\/associao-gatico\/","https:\/\/www.youtube.com\/channel\/UCNiOXDqcc5764EWTcuenOLw","https:\/\/www.instagram.com\/gaticao_associacao\/"]}]}},"_links":{"self":[{"href":"https:\/\/gaticao.pt\/en\/wp-json\/wp\/v2\/pages\/1132","targetHints":{"allow":["GET"]}}],"collection":[{"href":"https:\/\/gaticao.pt\/en\/wp-json\/wp\/v2\/pages"}],"about":[{"href":"https:\/\/gaticao.pt\/en\/wp-json\/wp\/v2\/types\/page"}],"author":[{"embeddable":true,"href":"https:\/\/gaticao.pt\/en\/wp-json\/wp\/v2\/users\/5"}],"replies":[{"embeddable":true,"href":"https:\/\/gaticao.pt\/en\/wp-json\/wp\/v2\/comments?post=1132"}],"version-history":[{"count":5,"href":"https:\/\/gaticao.pt\/en\/wp-json\/wp\/v2\/pages\/1132\/revisions"}],"predecessor-version":[{"id":1345,"href":"https:\/\/gaticao.pt\/en\/wp-json\/wp\/v2\/pages\/1132\/revisions\/1345"}],"wp:featuredmedia":[{"embeddable":true,"href":"https:\/\/gaticao.pt\/en\/wp-json\/wp\/v2\/media\/1243"}],"wp:attachment":[{"href":"https:\/\/gaticao.pt\/en\/wp-json\/wp\/v2\/media?parent=1132"}],"curies":[{"name":"wp","href":"https:\/\/api.w.org\/{rel}","templated":true}]}}