{"id":39,"date":"2022-04-08T15:13:55","date_gmt":"2022-04-08T14:13:55","guid":{"rendered":"https:\/\/gaticao.pt\/?page_id=39"},"modified":"2023-02-12T14:07:36","modified_gmt":"2023-02-12T13:07:36","slug":"animais-para-adotar","status":"publish","type":"page","link":"https:\/\/gaticao.pt\/en\/animais-para-adotar\/","title":{"rendered":"Adopt"},"content":{"rendered":"<div data-elementor-type=\"wp-page\" data-elementor-id=\"39\" class=\"elementor elementor-39\" data-elementor-post-type=\"page\">\n\t\t\t\t\t\t\t\t\t<section class=\"elementor-section elementor-top-section elementor-element elementor-element-459ecf9 elementor-section-height-min-height elementor-section-boxed elementor-section-height-default elementor-section-items-middle\" data-id=\"459ecf9\" data-element_type=\"section\" data-settings=\"{&quot;background_background&quot;:&quot;classic&quot;}\">\n\t\t\t\t\t\t<div class=\"elementor-container elementor-column-gap-default\">\n\t\t\t\t\t<div class=\"elementor-column elementor-col-50 elementor-top-column elementor-element elementor-element-97ac193\" data-id=\"97ac193\" data-element_type=\"column\">\n\t\t\t<div class=\"elementor-widget-wrap elementor-element-populated\">\n\t\t\t\t\t\t\t\t<div class=\"elementor-element elementor-element-4d26b6f elementor-widget elementor-widget-heading\" data-id=\"4d26b6f\" data-element_type=\"widget\" data-widget_type=\"heading.default\">\n\t\t\t\t<div class=\"elementor-widget-container\">\n\t\t\t<style>\/*! elementor - v3.15.0 - 20-08-2023 *\/\n.elementor-heading-title{padding:0;margin:0;line-height:1}.elementor-widget-heading .elementor-heading-title[class*=elementor-size-]>a{color:inherit;font-size:inherit;line-height:inherit}.elementor-widget-heading .elementor-heading-title.elementor-size-small{font-size:15px}.elementor-widget-heading .elementor-heading-title.elementor-size-medium{font-size:19px}.elementor-widget-heading .elementor-heading-title.elementor-size-large{font-size:29px}.elementor-widget-heading .elementor-heading-title.elementor-size-xl{font-size:39px}.elementor-widget-heading .elementor-heading-title.elementor-size-xxl{font-size:59px}<\/style><h1 class=\"elementor-heading-title elementor-size-default\">Shall we meet your new best friend?<\/h1>\t\t<\/div>\n\t\t\t\t<\/div>\n\t\t\t\t<div class=\"elementor-element elementor-element-e3a9fce elementor-hidden-tablet elementor-hidden-mobile elementor-widget elementor-widget-text-editor\" data-id=\"e3a9fce\" data-element_type=\"widget\" data-widget_type=\"text-editor.default\">\n\t\t\t\t<div class=\"elementor-widget-container\">\n\t\t\t<style>\/*! elementor - v3.15.0 - 20-08-2023 *\/\n.elementor-widget-text-editor.elementor-drop-cap-view-stacked .elementor-drop-cap{background-color:#69727d;color:#fff}.elementor-widget-text-editor.elementor-drop-cap-view-framed .elementor-drop-cap{color:#69727d;border:3px solid;background-color:transparent}.elementor-widget-text-editor:not(.elementor-drop-cap-view-default) .elementor-drop-cap{margin-top:8px}.elementor-widget-text-editor:not(.elementor-drop-cap-view-default) .elementor-drop-cap-letter{width:1em;height:1em}.elementor-widget-text-editor .elementor-drop-cap{float:left;text-align:center;line-height:1;font-size:50px}.elementor-widget-text-editor .elementor-drop-cap-letter{display:inline-block}<\/style>\t\t\t\t<p>Get to know the story of the animals that you may adopt at Gatic\u00e3o Association, they can't wait to fill your life with love.<\/p>\t\t\t\t\t\t<\/div>\n\t\t\t\t<\/div>\n\t\t\t\t<div class=\"elementor-element elementor-element-c35f544 elementor-hidden-desktop elementor-widget elementor-widget-text-editor\" data-id=\"c35f544\" data-element_type=\"widget\" data-widget_type=\"text-editor.default\">\n\t\t\t\t<div class=\"elementor-widget-container\">\n\t\t\t\t\t\t\t<p>Get to know the story of the animals that you may adopt at Gatic\u00e3o Association, they can't wait to fill your life with love.<\/p>\t\t\t\t\t\t<\/div>\n\t\t\t\t<\/div>\n\t\t\t\t<div class=\"elementor-element elementor-element-67c95b6 elementor-align-right elementor-widget elementor-widget-button\" data-id=\"67c95b6\" data-element_type=\"widget\" data-widget_type=\"button.default\">\n\t\t\t\t<div class=\"elementor-widget-container\">\n\t\t\t\t\t<div class=\"elementor-button-wrapper\">\n\t\t\t<a class=\"elementor-button elementor-button-link elementor-size-sm\" href=\"#patudos\">\n\t\t\t\t\t\t<span class=\"elementor-button-content-wrapper\">\n\t\t\t\t\t\t<span class=\"elementor-button-text\">Meet the pets!<\/span>\n\t\t<\/span>\n\t\t\t\t\t<\/a>\n\t\t<\/div>\n\t\t\t\t<\/div>\n\t\t\t\t<\/div>\n\t\t\t\t\t<\/div>\n\t\t<\/div>\n\t\t\t\t<div class=\"elementor-column elementor-col-50 elementor-top-column elementor-element elementor-element-c362382\" data-id=\"c362382\" data-element_type=\"column\">\n\t\t\t<div class=\"elementor-widget-wrap\">\n\t\t\t\t\t\t\t\t\t<\/div>\n\t\t<\/div>\n\t\t\t\t\t\t\t<\/div>\n\t\t<\/section>\n\t\t\t\t<section class=\"elementor-section elementor-top-section elementor-element elementor-element-122b505 elementor-section-boxed elementor-section-height-default elementor-section-height-default\" data-id=\"122b505\" data-element_type=\"section\" id=\"patudos\">\n\t\t\t\t\t\t<div class=\"elementor-container elementor-column-gap-default\">\n\t\t\t\t\t<div class=\"elementor-column elementor-col-100 elementor-top-column elementor-element elementor-element-90ff772\" data-id=\"90ff772\" data-element_type=\"column\">\n\t\t\t<div class=\"elementor-widget-wrap elementor-element-populated\">\n\t\t\t\t\t\t\t\t<div class=\"elementor-element elementor-element-93d9adf elementor-widget elementor-widget-heading\" data-id=\"93d9adf\" data-element_type=\"widget\" data-widget_type=\"heading.default\">\n\t\t\t\t<div class=\"elementor-widget-container\">\n\t\t\t<h2 class=\"elementor-heading-title elementor-size-default\">Conhe\u00e7a a hist\u00f3ria dos nossos patudos<\/h2>\t\t<\/div>\n\t\t\t\t<\/div>\n\t\t\t\t<div class=\"elementor-element elementor-element-ac5f1c3 elementor-grid-4 elementor-grid-tablet-2 elementor-grid-mobile-1 elementor-posts--thumbnail-top elementor-card-shadow-yes elementor-posts__hover-gradient elementor-widget elementor-widget-posts\" data-id=\"ac5f1c3\" data-element_type=\"widget\" data-settings=\"{&quot;cards_columns&quot;:&quot;4&quot;,&quot;cards_columns_tablet&quot;:&quot;2&quot;,&quot;cards_columns_mobile&quot;:&quot;1&quot;,&quot;cards_row_gap&quot;:{&quot;unit&quot;:&quot;px&quot;,&quot;size&quot;:35,&quot;sizes&quot;:[]},&quot;cards_row_gap_tablet&quot;:{&quot;unit&quot;:&quot;px&quot;,&quot;size&quot;:&quot;&quot;,&quot;sizes&quot;:[]},&quot;cards_row_gap_mobile&quot;:{&quot;unit&quot;:&quot;px&quot;,&quot;size&quot;:&quot;&quot;,&quot;sizes&quot;:[]}}\" data-widget_type=\"posts.cards\">\n\t\t\t\t<div class=\"elementor-widget-container\">\n\t\t\t<link rel=\"stylesheet\" href=\"https:\/\/gaticao.pt\/wp-content\/plugins\/elementor-pro\/assets\/css\/widget-posts.min.css\">\t\t<div class=\"elementor-posts-container elementor-posts elementor-posts--skin-cards elementor-grid\">\n\t\t\t\t<article class=\"elementor-post elementor-grid-item post-283 post type-post status-publish format-standard has-post-thumbnail hentry category-animais\">\n\t\t\t<div class=\"elementor-post__card\">\n\t\t\t\t<a class=\"elementor-post__thumbnail__link\" href=\"https:\/\/gaticao.pt\/en\/jade\/\" ><div class=\"elementor-post__thumbnail\"><img loading=\"lazy\" decoding=\"async\" width=\"300\" height=\"300\" src=\"https:\/\/gaticao.pt\/wp-content\/uploads\/2022\/04\/Jade_2A_PM_Easy-Resize.com__Easy-Resize.com_-300x300.webp\" class=\"attachment-medium size-medium wp-image-1205\" alt=\"cadela para ado\u00e7\u00e3o jade\" srcset=\"https:\/\/gaticao.pt\/wp-content\/uploads\/2022\/04\/Jade_2A_PM_Easy-Resize.com__Easy-Resize.com_-300x300.webp 300w, https:\/\/gaticao.pt\/wp-content\/uploads\/2022\/04\/Jade_2A_PM_Easy-Resize.com__Easy-Resize.com_-100x100.webp 100w, https:\/\/gaticao.pt\/wp-content\/uploads\/2022\/04\/Jade_2A_PM_Easy-Resize.com__Easy-Resize.com_-600x600.webp 600w, https:\/\/gaticao.pt\/wp-content\/uploads\/2022\/04\/Jade_2A_PM_Easy-Resize.com__Easy-Resize.com_-1024x1024.webp 1024w, https:\/\/gaticao.pt\/wp-content\/uploads\/2022\/04\/Jade_2A_PM_Easy-Resize.com__Easy-Resize.com_-150x150.webp 150w, https:\/\/gaticao.pt\/wp-content\/uploads\/2022\/04\/Jade_2A_PM_Easy-Resize.com__Easy-Resize.com_-768x768.webp 768w, https:\/\/gaticao.pt\/wp-content\/uploads\/2022\/04\/Jade_2A_PM_Easy-Resize.com__Easy-Resize.com_.webp 1280w\" sizes=\"auto, (max-width: 300px) 100vw, 300px\" \/><\/div><\/a>\n\t\t\t\t<div class=\"elementor-post__text\">\n\t\t\t\t<h3 class=\"elementor-post__title\">\n\t\t\t<a href=\"https:\/\/gaticao.pt\/en\/jade\/\" >\n\t\t\t\tJade\t\t\t<\/a>\n\t\t<\/h3>\n\t\t\t\t<div class=\"elementor-post__excerpt\">\n\t\t\t<p>A Jade nasceu na Gatic\u00e3o, no ano de 2020. A sua mam\u00e3, Dallas, j\u00e1 foi adotada, e ela continua \u00e0 espera de uma fam\u00edlia que<\/p>\n\t\t<\/div>\n\t\t\n\t\t<a class=\"elementor-post__read-more\" href=\"https:\/\/gaticao.pt\/en\/jade\/\" aria-label=\"Read more about Jade\" >\n\t\t\tLer Hist\u00f3ria\t\t<\/a>\n\n\t\t\t\t<\/div>\n\t\t\t\t\t<\/div>\n\t\t<\/article>\n\t\t\t\t<article class=\"elementor-post elementor-grid-item post-280 post type-post status-publish format-standard has-post-thumbnail hentry category-animais\">\n\t\t\t<div class=\"elementor-post__card\">\n\t\t\t\t<a class=\"elementor-post__thumbnail__link\" href=\"https:\/\/gaticao.pt\/en\/sweet\/\" ><div class=\"elementor-post__thumbnail\"><img loading=\"lazy\" decoding=\"async\" width=\"300\" height=\"300\" src=\"https:\/\/gaticao.pt\/wp-content\/uploads\/2022\/04\/Sweet_5A_PM_Easy-Resize.com__Easy-Resize.com_-300x300.webp\" class=\"attachment-medium size-medium wp-image-1206\" alt=\"Cadela para Ado\u00e7\u00e3o Sweet\" srcset=\"https:\/\/gaticao.pt\/wp-content\/uploads\/2022\/04\/Sweet_5A_PM_Easy-Resize.com__Easy-Resize.com_-300x300.webp 300w, https:\/\/gaticao.pt\/wp-content\/uploads\/2022\/04\/Sweet_5A_PM_Easy-Resize.com__Easy-Resize.com_-100x100.webp 100w, https:\/\/gaticao.pt\/wp-content\/uploads\/2022\/04\/Sweet_5A_PM_Easy-Resize.com__Easy-Resize.com_-600x600.webp 600w, https:\/\/gaticao.pt\/wp-content\/uploads\/2022\/04\/Sweet_5A_PM_Easy-Resize.com__Easy-Resize.com_-1024x1024.webp 1024w, https:\/\/gaticao.pt\/wp-content\/uploads\/2022\/04\/Sweet_5A_PM_Easy-Resize.com__Easy-Resize.com_-150x150.webp 150w, https:\/\/gaticao.pt\/wp-content\/uploads\/2022\/04\/Sweet_5A_PM_Easy-Resize.com__Easy-Resize.com_-768x768.webp 768w, https:\/\/gaticao.pt\/wp-content\/uploads\/2022\/04\/Sweet_5A_PM_Easy-Resize.com__Easy-Resize.com_.webp 1280w\" sizes=\"auto, (max-width: 300px) 100vw, 300px\" \/><\/div><\/a>\n\t\t\t\t<div class=\"elementor-post__text\">\n\t\t\t\t<h3 class=\"elementor-post__title\">\n\t\t\t<a href=\"https:\/\/gaticao.pt\/en\/sweet\/\" >\n\t\t\t\tSweet\t\t\t<\/a>\n\t\t<\/h3>\n\t\t\t\t<div class=\"elementor-post__excerpt\">\n\t\t\t<p>A Sweet \u00e9 uma cadela cheia de do\u00e7ura e leveza no cora\u00e7\u00e3o. Despreocupada, sempre alegre eapaixonada por liberdade \u2013 adora passear, e sempre que v\u00ea<\/p>\n\t\t<\/div>\n\t\t\n\t\t<a class=\"elementor-post__read-more\" href=\"https:\/\/gaticao.pt\/en\/sweet\/\" aria-label=\"Read more about Sweet\" >\n\t\t\tLer Hist\u00f3ria\t\t<\/a>\n\n\t\t\t\t<\/div>\n\t\t\t\t\t<\/div>\n\t\t<\/article>\n\t\t\t\t<article class=\"elementor-post elementor-grid-item post-277 post type-post status-publish format-standard has-post-thumbnail hentry category-animais\">\n\t\t\t<div class=\"elementor-post__card\">\n\t\t\t\t<a class=\"elementor-post__thumbnail__link\" href=\"https:\/\/gaticao.pt\/en\/meo\/\" ><div class=\"elementor-post__thumbnail\"><img loading=\"lazy\" decoding=\"async\" width=\"300\" height=\"300\" src=\"https:\/\/gaticao.pt\/wp-content\/uploads\/2022\/04\/Meo_9A_PM_Easy-Resize.com_Easy-Resize.com_-300x300.webp\" class=\"attachment-medium size-medium wp-image-1208\" alt=\"C\u00e3o para ado\u00e7\u00e3o Meo\" srcset=\"https:\/\/gaticao.pt\/wp-content\/uploads\/2022\/04\/Meo_9A_PM_Easy-Resize.com_Easy-Resize.com_-300x300.webp 300w, https:\/\/gaticao.pt\/wp-content\/uploads\/2022\/04\/Meo_9A_PM_Easy-Resize.com_Easy-Resize.com_-100x100.webp 100w, https:\/\/gaticao.pt\/wp-content\/uploads\/2022\/04\/Meo_9A_PM_Easy-Resize.com_Easy-Resize.com_-600x600.webp 600w, https:\/\/gaticao.pt\/wp-content\/uploads\/2022\/04\/Meo_9A_PM_Easy-Resize.com_Easy-Resize.com_-1024x1024.webp 1024w, https:\/\/gaticao.pt\/wp-content\/uploads\/2022\/04\/Meo_9A_PM_Easy-Resize.com_Easy-Resize.com_-150x150.webp 150w, https:\/\/gaticao.pt\/wp-content\/uploads\/2022\/04\/Meo_9A_PM_Easy-Resize.com_Easy-Resize.com_-768x768.webp 768w, https:\/\/gaticao.pt\/wp-content\/uploads\/2022\/04\/Meo_9A_PM_Easy-Resize.com_Easy-Resize.com_.webp 1280w\" sizes=\"auto, (max-width: 300px) 100vw, 300px\" \/><\/div><\/a>\n\t\t\t\t<div class=\"elementor-post__text\">\n\t\t\t\t<h3 class=\"elementor-post__title\">\n\t\t\t<a href=\"https:\/\/gaticao.pt\/en\/meo\/\" >\n\t\t\t\tMeo\t\t\t<\/a>\n\t\t<\/h3>\n\t\t\t\t<div class=\"elementor-post__excerpt\">\n\t\t\t<p>O Meo, ou Moreno (como carinhosamente o tratamos), tem nove aninhos e est\u00e1 a\u00ed para ascurvas. \u00c9 um c\u00e3o sempre cheio de energia (daquela boa),<\/p>\n\t\t<\/div>\n\t\t\n\t\t<a class=\"elementor-post__read-more\" href=\"https:\/\/gaticao.pt\/en\/meo\/\" aria-label=\"Read more about Meo\" >\n\t\t\tLer Hist\u00f3ria\t\t<\/a>\n\n\t\t\t\t<\/div>\n\t\t\t\t\t<\/div>\n\t\t<\/article>\n\t\t\t\t<article class=\"elementor-post elementor-grid-item post-256 post type-post status-publish format-standard has-post-thumbnail hentry category-animais\">\n\t\t\t<div class=\"elementor-post__card\">\n\t\t\t\t<a class=\"elementor-post__thumbnail__link\" href=\"https:\/\/gaticao.pt\/en\/alibaba\/\" ><div class=\"elementor-post__thumbnail\"><img loading=\"lazy\" decoding=\"async\" width=\"300\" height=\"300\" src=\"https:\/\/gaticao.pt\/wp-content\/uploads\/2022\/04\/Alibaba_13A_PM_Easy-Resize.com__Easy-Resize.com_-300x300.webp\" class=\"attachment-medium size-medium wp-image-1207\" alt=\"C\u00e3o para ado\u00e7\u00e3o Alibab\u00e1\" srcset=\"https:\/\/gaticao.pt\/wp-content\/uploads\/2022\/04\/Alibaba_13A_PM_Easy-Resize.com__Easy-Resize.com_-300x300.webp 300w, https:\/\/gaticao.pt\/wp-content\/uploads\/2022\/04\/Alibaba_13A_PM_Easy-Resize.com__Easy-Resize.com_-100x100.webp 100w, https:\/\/gaticao.pt\/wp-content\/uploads\/2022\/04\/Alibaba_13A_PM_Easy-Resize.com__Easy-Resize.com_-600x600.webp 600w, https:\/\/gaticao.pt\/wp-content\/uploads\/2022\/04\/Alibaba_13A_PM_Easy-Resize.com__Easy-Resize.com_-1024x1024.webp 1024w, https:\/\/gaticao.pt\/wp-content\/uploads\/2022\/04\/Alibaba_13A_PM_Easy-Resize.com__Easy-Resize.com_-150x150.webp 150w, https:\/\/gaticao.pt\/wp-content\/uploads\/2022\/04\/Alibaba_13A_PM_Easy-Resize.com__Easy-Resize.com_-768x768.webp 768w, https:\/\/gaticao.pt\/wp-content\/uploads\/2022\/04\/Alibaba_13A_PM_Easy-Resize.com__Easy-Resize.com_.webp 1280w\" sizes=\"auto, (max-width: 300px) 100vw, 300px\" \/><\/div><\/a>\n\t\t\t\t<div class=\"elementor-post__text\">\n\t\t\t\t<h3 class=\"elementor-post__title\">\n\t\t\t<a href=\"https:\/\/gaticao.pt\/en\/alibaba\/\" >\n\t\t\t\tAlibab\u00e1\t\t\t<\/a>\n\t\t<\/h3>\n\t\t\t\t<div class=\"elementor-post__excerpt\">\n\t\t\t<p>Este \u00e9 o Alibab\u00e1, que poderia facilmente roubar o tesouro que \u00e9 o teu cora\u00e7\u00e3o.Conta a lenda que foram 40 ladr\u00f5es atr\u00e1s dele, mal sabiam<\/p>\n\t\t<\/div>\n\t\t\n\t\t<a class=\"elementor-post__read-more\" href=\"https:\/\/gaticao.pt\/en\/alibaba\/\" aria-label=\"Read more about Alibab\u00e1\" >\n\t\t\tLer Hist\u00f3ria\t\t<\/a>\n\n\t\t\t\t<\/div>\n\t\t\t\t\t<\/div>\n\t\t<\/article>\n\t\t\t\t<\/div>\n\t\t\n\t\t\t\t<\/div>\n\t\t\t\t<\/div>\n\t\t\t\t\t<\/div>\n\t\t<\/div>\n\t\t\t\t\t\t\t<\/div>\n\t\t<\/section>\n\t\t\t\t\t\t\t<\/div>","protected":false},"excerpt":{"rendered":"<p>Vamos conhecer o seu novo melhor amigo? Conhe\u00e7a a hist\u00f3ria dos animais que pode adotar na Associa\u00e7\u00e3o Gatic\u00e3o e que est\u00e3o prontos para encher a sua vida de amor. Conhe\u00e7a a hist\u00f3ria dos animais que pode adotar na Associa\u00e7\u00e3o Gatic\u00e3o e que est\u00e3o prontos para encher a sua vida de amor. Conhecer os patudos! Conhe\u00e7a [&hellip;]<\/p>","protected":false},"author":5,"featured_media":1242,"parent":0,"menu_order":0,"comment_status":"closed","ping_status":"closed","template":"elementor_header_footer","meta":{"footnotes":""},"class_list":["post-39","page","type-page","status-publish","has-post-thumbnail","hentry"],"yoast_head":"<!-- This site is optimized with the Yoast SEO plugin v21.0 - https:\/\/yoast.com\/wordpress\/plugins\/seo\/ -->\n<title>Adotar - Gatic\u00e3o<\/title>\n<meta name=\"description\" content=\"Vamos conhecer o seu novo melhor amigo? Nesta p\u00e1gina encontre todos os animais para adotar em Vagos na Associa\u00e7\u00e3o Gatic\u00e3o.\" \/>\n<meta name=\"robots\" content=\"index, follow, max-snippet:-1, max-image-preview:large, max-video-preview:-1\" \/>\n<link rel=\"canonical\" href=\"https:\/\/gaticao.pt\/en\/animais-para-adotar\/\" \/>\n<meta property=\"og:locale\" content=\"en_GB\" \/>\n<meta property=\"og:type\" content=\"article\" \/>\n<meta property=\"og:title\" content=\"Adotar Animais Abandonados - Associa\u00e7\u00e3o Gatic\u00e3o\" \/>\n<meta property=\"og:description\" content=\"Vamos conhecer o seu novo melhor amigo? Nesta p\u00e1gina encontre todos os animais para adotar em Vagos na Associa\u00e7\u00e3o Gatic\u00e3o.\" \/>\n<meta property=\"og:url\" content=\"https:\/\/gaticao.pt\/en\/animais-para-adotar\/\" \/>\n<meta property=\"og:site_name\" content=\"Gatic\u00e3o\" \/>\n<meta property=\"article:publisher\" content=\"https:\/\/www.facebook.com\/gaticao\" \/>\n<meta property=\"article:modified_time\" content=\"2023-02-12T13:07:36+00:00\" \/>\n<meta property=\"og:image\" content=\"https:\/\/gaticao.pt\/wp-content\/uploads\/2022\/05\/Banner_Easy-Resize.com_.jpg\" \/>\n\t<meta property=\"og:image:width\" content=\"1280\" \/>\n\t<meta property=\"og:image:height\" content=\"350\" \/>\n\t<meta property=\"og:image:type\" content=\"image\/jpeg\" \/>\n<meta name=\"twitter:card\" content=\"summary_large_image\" \/>\n<meta name=\"twitter:label1\" content=\"Estimated reading time\" \/>\n\t<meta name=\"twitter:data1\" content=\"2 minutes\" \/>\n<script type=\"application\/ld+json\" class=\"yoast-schema-graph\">{\"@context\":\"https:\/\/schema.org\",\"@graph\":[{\"@type\":\"Article\",\"@id\":\"https:\/\/gaticao.pt\/animais-para-adotar\/#article\",\"isPartOf\":{\"@id\":\"https:\/\/gaticao.pt\/animais-para-adotar\/\"},\"author\":{\"name\":\"tiago\",\"@id\":\"https:\/\/gaticao.pt\/#\/schema\/person\/daa6fb85eb2cc613aaefd92552cdc8d6\"},\"headline\":\"Adotar\",\"datePublished\":\"2022-04-08T14:13:55+00:00\",\"dateModified\":\"2023-02-12T13:07:36+00:00\",\"mainEntityOfPage\":{\"@id\":\"https:\/\/gaticao.pt\/animais-para-adotar\/\"},\"wordCount\":73,\"publisher\":{\"@id\":\"https:\/\/gaticao.pt\/#organization\"},\"inLanguage\":\"en-GB\"},{\"@type\":[\"WebPage\",\"CollectionPage\"],\"@id\":\"https:\/\/gaticao.pt\/animais-para-adotar\/\",\"url\":\"https:\/\/gaticao.pt\/animais-para-adotar\/\",\"name\":\"Adotar - Gatic\u00e3o\",\"isPartOf\":{\"@id\":\"https:\/\/gaticao.pt\/#website\"},\"datePublished\":\"2022-04-08T14:13:55+00:00\",\"dateModified\":\"2023-02-12T13:07:36+00:00\",\"description\":\"Vamos conhecer o seu novo melhor amigo? Nesta p\u00e1gina encontre todos os animais para adotar em Vagos na Associa\u00e7\u00e3o Gatic\u00e3o.\",\"breadcrumb\":{\"@id\":\"https:\/\/gaticao.pt\/animais-para-adotar\/#breadcrumb\"},\"inLanguage\":\"en-GB\"},{\"@type\":\"BreadcrumbList\",\"@id\":\"https:\/\/gaticao.pt\/animais-para-adotar\/#breadcrumb\",\"itemListElement\":[{\"@type\":\"ListItem\",\"position\":1,\"name\":\"In\u00edcio\",\"item\":\"https:\/\/gaticao.pt\/\"},{\"@type\":\"ListItem\",\"position\":2,\"name\":\"Adotar\"}]},{\"@type\":\"WebSite\",\"@id\":\"https:\/\/gaticao.pt\/#website\",\"url\":\"https:\/\/gaticao.pt\/\",\"name\":\"Gatic\u00e3o\",\"description\":\"Associa\u00e7\u00e3o dos Amigos dos Animais Abandonados de Vagos\",\"publisher\":{\"@id\":\"https:\/\/gaticao.pt\/#organization\"},\"potentialAction\":[{\"@type\":\"SearchAction\",\"target\":{\"@type\":\"EntryPoint\",\"urlTemplate\":\"https:\/\/gaticao.pt\/?s={search_term_string}\"},\"query-input\":\"required name=search_term_string\"}],\"inLanguage\":\"en-GB\"},{\"@type\":\"Organization\",\"@id\":\"https:\/\/gaticao.pt\/#organization\",\"name\":\"Gatic\u00e3o - Associa\u00e7\u00e3o dos Amigos dos Animais Abandonados\",\"url\":\"https:\/\/gaticao.pt\/\",\"logo\":{\"@type\":\"ImageObject\",\"inLanguage\":\"en-GB\",\"@id\":\"https:\/\/gaticao.pt\/#\/schema\/logo\/image\/\",\"url\":\"https:\/\/gaticao.pt\/wp-content\/uploads\/2022\/04\/gaticao.png\",\"contentUrl\":\"https:\/\/gaticao.pt\/wp-content\/uploads\/2022\/04\/gaticao.png\",\"width\":207,\"height\":243,\"caption\":\"Gatic\u00e3o - Associa\u00e7\u00e3o dos Amigos dos Animais Abandonados\"},\"image\":{\"@id\":\"https:\/\/gaticao.pt\/#\/schema\/logo\/image\/\"},\"sameAs\":[\"https:\/\/www.facebook.com\/gaticao\",\"https:\/\/www.linkedin.com\/company\/associao-gatico\/\",\"https:\/\/www.youtube.com\/channel\/UCNiOXDqcc5764EWTcuenOLw\",\"https:\/\/www.instagram.com\/gaticao_associacao\/\"]},{\"@type\":\"Person\",\"@id\":\"https:\/\/gaticao.pt\/#\/schema\/person\/daa6fb85eb2cc613aaefd92552cdc8d6\",\"name\":\"tiago\",\"image\":{\"@type\":\"ImageObject\",\"inLanguage\":\"en-GB\",\"@id\":\"https:\/\/gaticao.pt\/#\/schema\/person\/image\/\",\"url\":\"https:\/\/secure.gravatar.com\/avatar\/17ee8ff8a1b3cdae5ab6e33275bac611dd9b2f41308d95e2167f0043c44670f9?s=96&d=mm&r=g\",\"contentUrl\":\"https:\/\/secure.gravatar.com\/avatar\/17ee8ff8a1b3cdae5ab6e33275bac611dd9b2f41308d95e2167f0043c44670f9?s=96&d=mm&r=g\",\"caption\":\"tiago\"},\"url\":\"https:\/\/gaticao.pt\/en\/author\/tiago\/\"}]}<\/script>\n<!-- \/ Yoast SEO plugin. -->","yoast_head_json":{"title":"Adotar - Gatic\u00e3o","description":"Vamos conhecer o seu novo melhor amigo? Nesta p\u00e1gina encontre todos os animais para adotar em Vagos na Associa\u00e7\u00e3o Gatic\u00e3o.","robots":{"index":"index","follow":"follow","max-snippet":"max-snippet:-1","max-image-preview":"max-image-preview:large","max-video-preview":"max-video-preview:-1"},"canonical":"https:\/\/gaticao.pt\/en\/animais-para-adotar\/","og_locale":"en_GB","og_type":"article","og_title":"Adotar Animais Abandonados - Associa\u00e7\u00e3o Gatic\u00e3o","og_description":"Vamos conhecer o seu novo melhor amigo? Nesta p\u00e1gina encontre todos os animais para adotar em Vagos na Associa\u00e7\u00e3o Gatic\u00e3o.","og_url":"https:\/\/gaticao.pt\/en\/animais-para-adotar\/","og_site_name":"Gatic\u00e3o","article_publisher":"https:\/\/www.facebook.com\/gaticao","article_modified_time":"2023-02-12T13:07:36+00:00","og_image":[{"width":1280,"height":350,"url":"https:\/\/gaticao.pt\/wp-content\/uploads\/2022\/05\/Banner_Easy-Resize.com_.jpg","type":"image\/jpeg"}],"twitter_card":"summary_large_image","twitter_misc":{"Estimated reading time":"2 minutes"},"schema":{"@context":"https:\/\/schema.org","@graph":[{"@type":"Article","@id":"https:\/\/gaticao.pt\/animais-para-adotar\/#article","isPartOf":{"@id":"https:\/\/gaticao.pt\/animais-para-adotar\/"},"author":{"name":"tiago","@id":"https:\/\/gaticao.pt\/#\/schema\/person\/daa6fb85eb2cc613aaefd92552cdc8d6"},"headline":"Adotar","datePublished":"2022-04-08T14:13:55+00:00","dateModified":"2023-02-12T13:07:36+00:00","mainEntityOfPage":{"@id":"https:\/\/gaticao.pt\/animais-para-adotar\/"},"wordCount":73,"publisher":{"@id":"https:\/\/gaticao.pt\/#organization"},"inLanguage":"en-GB"},{"@type":["WebPage","CollectionPage"],"@id":"https:\/\/gaticao.pt\/animais-para-adotar\/","url":"https:\/\/gaticao.pt\/animais-para-adotar\/","name":"Adotar - Gatic\u00e3o","isPartOf":{"@id":"https:\/\/gaticao.pt\/#website"},"datePublished":"2022-04-08T14:13:55+00:00","dateModified":"2023-02-12T13:07:36+00:00","description":"Vamos conhecer o seu novo melhor amigo? Nesta p\u00e1gina encontre todos os animais para adotar em Vagos na Associa\u00e7\u00e3o Gatic\u00e3o.","breadcrumb":{"@id":"https:\/\/gaticao.pt\/animais-para-adotar\/#breadcrumb"},"inLanguage":"en-GB"},{"@type":"BreadcrumbList","@id":"https:\/\/gaticao.pt\/animais-para-adotar\/#breadcrumb","itemListElement":[{"@type":"ListItem","position":1,"name":"In\u00edcio","item":"https:\/\/gaticao.pt\/"},{"@type":"ListItem","position":2,"name":"Adotar"}]},{"@type":"WebSite","@id":"https:\/\/gaticao.pt\/#website","url":"https:\/\/gaticao.pt\/","name":"Gatic\u00e3o","description":"Associa\u00e7\u00e3o dos Amigos dos Animais Abandonados de Vagos","publisher":{"@id":"https:\/\/gaticao.pt\/#organization"},"potentialAction":[{"@type":"SearchAction","target":{"@type":"EntryPoint","urlTemplate":"https:\/\/gaticao.pt\/?s={search_term_string}"},"query-input":"required name=search_term_string"}],"inLanguage":"en-GB"},{"@type":"Organization","@id":"https:\/\/gaticao.pt\/#organization","name":"Gatic\u00e3o - Associa\u00e7\u00e3o dos Amigos dos Animais Abandonados","url":"https:\/\/gaticao.pt\/","logo":{"@type":"ImageObject","inLanguage":"en-GB","@id":"https:\/\/gaticao.pt\/#\/schema\/logo\/image\/","url":"https:\/\/gaticao.pt\/wp-content\/uploads\/2022\/04\/gaticao.png","contentUrl":"https:\/\/gaticao.pt\/wp-content\/uploads\/2022\/04\/gaticao.png","width":207,"height":243,"caption":"Gatic\u00e3o - Associa\u00e7\u00e3o dos Amigos dos Animais Abandonados"},"image":{"@id":"https:\/\/gaticao.pt\/#\/schema\/logo\/image\/"},"sameAs":["https:\/\/www.facebook.com\/gaticao","https:\/\/www.linkedin.com\/company\/associao-gatico\/","https:\/\/www.youtube.com\/channel\/UCNiOXDqcc5764EWTcuenOLw","https:\/\/www.instagram.com\/gaticao_associacao\/"]},{"@type":"Person","@id":"https:\/\/gaticao.pt\/#\/schema\/person\/daa6fb85eb2cc613aaefd92552cdc8d6","name":"tiago","image":{"@type":"ImageObject","inLanguage":"en-GB","@id":"https:\/\/gaticao.pt\/#\/schema\/person\/image\/","url":"https:\/\/secure.gravatar.com\/avatar\/17ee8ff8a1b3cdae5ab6e33275bac611dd9b2f41308d95e2167f0043c44670f9?s=96&d=mm&r=g","contentUrl":"https:\/\/secure.gravatar.com\/avatar\/17ee8ff8a1b3cdae5ab6e33275bac611dd9b2f41308d95e2167f0043c44670f9?s=96&d=mm&r=g","caption":"tiago"},"url":"https:\/\/gaticao.pt\/en\/author\/tiago\/"}]}},"_links":{"self":[{"href":"https:\/\/gaticao.pt\/en\/wp-json\/wp\/v2\/pages\/39","targetHints":{"allow":["GET"]}}],"collection":[{"href":"https:\/\/gaticao.pt\/en\/wp-json\/wp\/v2\/pages"}],"about":[{"href":"https:\/\/gaticao.pt\/en\/wp-json\/wp\/v2\/types\/page"}],"author":[{"embeddable":true,"href":"https:\/\/gaticao.pt\/en\/wp-json\/wp\/v2\/users\/5"}],"replies":[{"embeddable":true,"href":"https:\/\/gaticao.pt\/en\/wp-json\/wp\/v2\/comments?post=39"}],"version-history":[{"count":77,"href":"https:\/\/gaticao.pt\/en\/wp-json\/wp\/v2\/pages\/39\/revisions"}],"predecessor-version":[{"id":1779,"href":"https:\/\/gaticao.pt\/en\/wp-json\/wp\/v2\/pages\/39\/revisions\/1779"}],"wp:featuredmedia":[{"embeddable":true,"href":"https:\/\/gaticao.pt\/en\/wp-json\/wp\/v2\/media\/1242"}],"wp:attachment":[{"href":"https:\/\/gaticao.pt\/en\/wp-json\/wp\/v2\/media?parent=39"}],"curies":[{"name":"wp","href":"https:\/\/api.w.org\/{rel}","templated":true}]}}