{"id":41,"date":"2022-04-08T15:14:12","date_gmt":"2022-04-08T14:14:12","guid":{"rendered":"https:\/\/gaticao.pt\/?page_id=41"},"modified":"2024-02-25T11:23:48","modified_gmt":"2024-02-25T10:23:48","slug":"contactos","status":"publish","type":"page","link":"https:\/\/gaticao.pt\/en\/contactos\/","title":{"rendered":"Contacts"},"content":{"rendered":"<div data-elementor-type=\"wp-page\" data-elementor-id=\"41\" class=\"elementor elementor-41\" data-elementor-post-type=\"page\">\n\t\t\t\t\t\t\t\t\t<section class=\"elementor-section elementor-top-section elementor-element elementor-element-72c08ed elementor-section-boxed elementor-section-height-default elementor-section-height-default\" data-id=\"72c08ed\" data-element_type=\"section\" id=\"contactosform\" data-settings=\"{&quot;background_background&quot;:&quot;classic&quot;}\">\n\t\t\t\t\t\t<div class=\"elementor-container elementor-column-gap-default\">\n\t\t\t\t\t<div class=\"elementor-column elementor-col-100 elementor-top-column elementor-element elementor-element-32fae6b\" data-id=\"32fae6b\" data-element_type=\"column\">\n\t\t\t<div class=\"elementor-widget-wrap elementor-element-populated\">\n\t\t\t\t\t\t\t\t<div class=\"elementor-element elementor-element-53623fa elementor-widget elementor-widget-heading\" data-id=\"53623fa\" data-element_type=\"widget\" data-widget_type=\"heading.default\">\n\t\t\t\t<div class=\"elementor-widget-container\">\n\t\t\t<style>\/*! elementor - v3.15.0 - 20-08-2023 *\/\n.elementor-heading-title{padding:0;margin:0;line-height:1}.elementor-widget-heading .elementor-heading-title[class*=elementor-size-]>a{color:inherit;font-size:inherit;line-height:inherit}.elementor-widget-heading .elementor-heading-title.elementor-size-small{font-size:15px}.elementor-widget-heading .elementor-heading-title.elementor-size-medium{font-size:19px}.elementor-widget-heading .elementor-heading-title.elementor-size-large{font-size:29px}.elementor-widget-heading .elementor-heading-title.elementor-size-xl{font-size:39px}.elementor-widget-heading .elementor-heading-title.elementor-size-xxl{font-size:59px}<\/style><h1 class=\"elementor-heading-title elementor-size-default\">Contacts<\/h1>\t\t<\/div>\n\t\t\t\t<\/div>\n\t\t\t\t<div class=\"elementor-element elementor-element-25a9540 elementor-widget elementor-widget-text-editor\" data-id=\"25a9540\" data-element_type=\"widget\" data-widget_type=\"text-editor.default\">\n\t\t\t\t<div class=\"elementor-widget-container\">\n\t\t\t<style>\/*! elementor - v3.15.0 - 20-08-2023 *\/\n.elementor-widget-text-editor.elementor-drop-cap-view-stacked .elementor-drop-cap{background-color:#69727d;color:#fff}.elementor-widget-text-editor.elementor-drop-cap-view-framed .elementor-drop-cap{color:#69727d;border:3px solid;background-color:transparent}.elementor-widget-text-editor:not(.elementor-drop-cap-view-default) .elementor-drop-cap{margin-top:8px}.elementor-widget-text-editor:not(.elementor-drop-cap-view-default) .elementor-drop-cap-letter{width:1em;height:1em}.elementor-widget-text-editor .elementor-drop-cap{float:left;text-align:center;line-height:1;font-size:50px}.elementor-widget-text-editor .elementor-drop-cap-letter{display:inline-block}<\/style>\t\t\t\t<p>Search no more! <br \/>All the Association contacts are here! <br \/>Our team is ready to help you.\u00a0<\/p>\t\t\t\t\t\t<\/div>\n\t\t\t\t<\/div>\n\t\t\t\t\t<\/div>\n\t\t<\/div>\n\t\t\t\t\t\t\t<\/div>\n\t\t<\/section>\n\t\t\t\t<section class=\"elementor-section elementor-top-section elementor-element elementor-element-d1bd207 elementor-section-boxed elementor-section-height-default elementor-section-height-default\" data-id=\"d1bd207\" data-element_type=\"section\" data-settings=\"{&quot;background_background&quot;:&quot;classic&quot;}\">\n\t\t\t\t\t\t<div class=\"elementor-container elementor-column-gap-default\">\n\t\t\t\t\t<div class=\"elementor-column elementor-col-100 elementor-top-column elementor-element elementor-element-5cb5760\" data-id=\"5cb5760\" data-element_type=\"column\">\n\t\t\t<div class=\"elementor-widget-wrap elementor-element-populated\">\n\t\t\t\t\t\t\t\t<div class=\"elementor-element elementor-element-a13ea87 elementor-widget elementor-widget-heading\" data-id=\"a13ea87\" data-element_type=\"widget\" data-widget_type=\"heading.default\">\n\t\t\t\t<div class=\"elementor-widget-container\">\n\t\t\t<h2 class=\"elementor-heading-title elementor-size-default\">Mobile Phone<\/h2>\t\t<\/div>\n\t\t\t\t<\/div>\n\t\t\t\t<div class=\"elementor-element elementor-element-bade156 elementor-widget elementor-widget-text-editor\" data-id=\"bade156\" data-element_type=\"widget\" data-widget_type=\"text-editor.default\">\n\t\t\t\t<div class=\"elementor-widget-container\">\n\t\t\t\t\t\t\t<p>call to Portuguese mobile phone<br>+351 934 338 675<br><em>(exclusively via SMS)<\/em><\/p>\t\t\t\t\t\t<\/div>\n\t\t\t\t<\/div>\n\t\t\t\t<div class=\"elementor-element elementor-element-494c515 elementor-widget elementor-widget-heading\" data-id=\"494c515\" data-element_type=\"widget\" data-widget_type=\"heading.default\">\n\t\t\t\t<div class=\"elementor-widget-container\">\n\t\t\t<h2 class=\"elementor-heading-title elementor-size-default\">Email<\/h2>\t\t<\/div>\n\t\t\t\t<\/div>\n\t\t\t\t<div class=\"elementor-element elementor-element-ea6c743 elementor-widget elementor-widget-text-editor\" data-id=\"ea6c743\" data-element_type=\"widget\" data-widget_type=\"text-editor.default\">\n\t\t\t\t<div class=\"elementor-widget-container\">\n\t\t\t\t\t\t\t<p>gaticaoa4@gmail.com<\/p>\t\t\t\t\t\t<\/div>\n\t\t\t\t<\/div>\n\t\t\t\t<div class=\"elementor-element elementor-element-e45e0ba elementor-widget elementor-widget-heading\" data-id=\"e45e0ba\" data-element_type=\"widget\" data-widget_type=\"heading.default\">\n\t\t\t\t<div class=\"elementor-widget-container\">\n\t\t\t<h2 class=\"elementor-heading-title elementor-size-default\">Location<\/h2>\t\t<\/div>\n\t\t\t\t<\/div>\n\t\t\t\t<div class=\"elementor-element elementor-element-7f0c8e0 elementor-widget elementor-widget-text-editor\" data-id=\"7f0c8e0\" data-element_type=\"widget\" data-widget_type=\"text-editor.default\">\n\t\t\t\t<div class=\"elementor-widget-container\">\n\t\t\t\t\t\t\t<p>Vagos, Aveiro, Portugal<\/p>\t\t\t\t\t\t<\/div>\n\t\t\t\t<\/div>\n\t\t\t\t<div class=\"elementor-element elementor-element-267759b elementor-widget elementor-widget-text-editor\" data-id=\"267759b\" data-element_type=\"widget\" data-widget_type=\"text-editor.default\">\n\t\t\t\t<div class=\"elementor-widget-container\">\n\t\t\t\t\t\t\t<p>Alternatively, contact us via our social media: <a href=\"https:\/\/www.facebook.com\/Gaticao\">Facebook<\/a> or <a href=\"https:\/\/www.instagram.com\/gaticao_associacao\/\">Instagram<\/a> (prefer\u00edvel).<\/p>\t\t\t\t\t\t<\/div>\n\t\t\t\t<\/div>\n\t\t\t\t\t<\/div>\n\t\t<\/div>\n\t\t\t\t\t\t\t<\/div>\n\t\t<\/section>\n\t\t\t\t\t\t\t<\/div>","protected":false},"excerpt":{"rendered":"<p>Contactos N\u00e3o procure mais! Todos os contactos da Associa\u00e7\u00e3o est\u00e3o aqui! A nossa equipa est\u00e1 pronta para o ajudar.\u00a0 Telem\u00f3vel chamada para telem\u00f3vel nacional+351 934 338 675(exclusivamente via SMS) E-mail gaticaoa4@gmail.com Localiza\u00e7\u00e3o Vagos, Aveiro, Portugal Em alternativa, contacte-nos atrav\u00e9s das redes sociais: Facebook ou Instagram (prefer\u00edvel).<\/p>","protected":false},"author":5,"featured_media":1243,"parent":0,"menu_order":0,"comment_status":"closed","ping_status":"closed","template":"elementor_header_footer","meta":{"footnotes":""},"class_list":["post-41","page","type-page","status-publish","has-post-thumbnail","hentry"],"yoast_head":"<!-- This site is optimized with the Yoast SEO plugin v21.0 - https:\/\/yoast.com\/wordpress\/plugins\/seo\/ -->\n<title>Contactos - Gatic\u00e3o<\/title>\n<meta name=\"description\" content=\"Tem alguma quest\u00e3o? Aqui disponibilizamos todos os contactos da Gatic\u00e3o - associa\u00e7\u00e3o de animais abandonados de Vagos.\" \/>\n<meta name=\"robots\" content=\"index, follow, max-snippet:-1, max-image-preview:large, max-video-preview:-1\" \/>\n<link rel=\"canonical\" href=\"https:\/\/gaticao.pt\/en\/contactos\/\" \/>\n<meta property=\"og:locale\" content=\"en_GB\" \/>\n<meta property=\"og:type\" content=\"article\" \/>\n<meta property=\"og:title\" content=\"Contactos Associa\u00e7\u00e3o Gatic\u00e3o\" \/>\n<meta property=\"og:description\" content=\"Tem alguma quest\u00e3o? Aqui disponibilizamos todos os contactos da Gatic\u00e3o - associa\u00e7\u00e3o de animais abandonados de Vagos.\" \/>\n<meta property=\"og:url\" content=\"https:\/\/gaticao.pt\/en\/contactos\/\" \/>\n<meta property=\"og:site_name\" content=\"Gatic\u00e3o\" \/>\n<meta property=\"article:publisher\" content=\"https:\/\/www.facebook.com\/gaticao\" \/>\n<meta property=\"article:modified_time\" content=\"2024-02-25T10:23:48+00:00\" \/>\n<meta property=\"og:image\" content=\"https:\/\/gaticao.pt\/wp-content\/uploads\/2022\/05\/Banner_Easy-Resize.com_.jpg\" \/>\n\t<meta property=\"og:image:width\" content=\"1280\" \/>\n\t<meta property=\"og:image:height\" content=\"350\" \/>\n\t<meta property=\"og:image:type\" content=\"image\/jpeg\" \/>\n<meta name=\"twitter:card\" content=\"summary_large_image\" \/>\n<meta name=\"twitter:label1\" content=\"Estimated reading time\" \/>\n\t<meta name=\"twitter:data1\" content=\"1 minute\" \/>\n<script type=\"application\/ld+json\" class=\"yoast-schema-graph\">{\"@context\":\"https:\/\/schema.org\",\"@graph\":[{\"@type\":[\"WebPage\",\"ContactPage\"],\"@id\":\"https:\/\/gaticao.pt\/contactos\/\",\"url\":\"https:\/\/gaticao.pt\/contactos\/\",\"name\":\"Contactos - Gatic\u00e3o\",\"isPartOf\":{\"@id\":\"https:\/\/gaticao.pt\/#website\"},\"datePublished\":\"2022-04-08T14:14:12+00:00\",\"dateModified\":\"2024-02-25T10:23:48+00:00\",\"description\":\"Tem alguma quest\u00e3o? Aqui disponibilizamos todos os contactos da Gatic\u00e3o - associa\u00e7\u00e3o de animais abandonados de Vagos.\",\"breadcrumb\":{\"@id\":\"https:\/\/gaticao.pt\/contactos\/#breadcrumb\"},\"inLanguage\":\"en-GB\",\"potentialAction\":[{\"@type\":\"ReadAction\",\"target\":[\"https:\/\/gaticao.pt\/contactos\/\"]}]},{\"@type\":\"BreadcrumbList\",\"@id\":\"https:\/\/gaticao.pt\/contactos\/#breadcrumb\",\"itemListElement\":[{\"@type\":\"ListItem\",\"position\":1,\"name\":\"In\u00edcio\",\"item\":\"https:\/\/gaticao.pt\/\"},{\"@type\":\"ListItem\",\"position\":2,\"name\":\"Contactos\"}]},{\"@type\":\"WebSite\",\"@id\":\"https:\/\/gaticao.pt\/#website\",\"url\":\"https:\/\/gaticao.pt\/\",\"name\":\"Gatic\u00e3o\",\"description\":\"Associa\u00e7\u00e3o dos Amigos dos Animais Abandonados de Vagos\",\"publisher\":{\"@id\":\"https:\/\/gaticao.pt\/#organization\"},\"potentialAction\":[{\"@type\":\"SearchAction\",\"target\":{\"@type\":\"EntryPoint\",\"urlTemplate\":\"https:\/\/gaticao.pt\/?s={search_term_string}\"},\"query-input\":\"required name=search_term_string\"}],\"inLanguage\":\"en-GB\"},{\"@type\":\"Organization\",\"@id\":\"https:\/\/gaticao.pt\/#organization\",\"name\":\"Gatic\u00e3o - Associa\u00e7\u00e3o dos Amigos dos Animais Abandonados\",\"url\":\"https:\/\/gaticao.pt\/\",\"logo\":{\"@type\":\"ImageObject\",\"inLanguage\":\"en-GB\",\"@id\":\"https:\/\/gaticao.pt\/#\/schema\/logo\/image\/\",\"url\":\"https:\/\/gaticao.pt\/wp-content\/uploads\/2022\/04\/gaticao.png\",\"contentUrl\":\"https:\/\/gaticao.pt\/wp-content\/uploads\/2022\/04\/gaticao.png\",\"width\":207,\"height\":243,\"caption\":\"Gatic\u00e3o - Associa\u00e7\u00e3o dos Amigos dos Animais Abandonados\"},\"image\":{\"@id\":\"https:\/\/gaticao.pt\/#\/schema\/logo\/image\/\"},\"sameAs\":[\"https:\/\/www.facebook.com\/gaticao\",\"https:\/\/www.linkedin.com\/company\/associao-gatico\/\",\"https:\/\/www.youtube.com\/channel\/UCNiOXDqcc5764EWTcuenOLw\",\"https:\/\/www.instagram.com\/gaticao_associacao\/\"]}]}<\/script>\n<!-- \/ Yoast SEO plugin. -->","yoast_head_json":{"title":"Contactos - Gatic\u00e3o","description":"Tem alguma quest\u00e3o? Aqui disponibilizamos todos os contactos da Gatic\u00e3o - associa\u00e7\u00e3o de animais abandonados de Vagos.","robots":{"index":"index","follow":"follow","max-snippet":"max-snippet:-1","max-image-preview":"max-image-preview:large","max-video-preview":"max-video-preview:-1"},"canonical":"https:\/\/gaticao.pt\/en\/contactos\/","og_locale":"en_GB","og_type":"article","og_title":"Contactos Associa\u00e7\u00e3o Gatic\u00e3o","og_description":"Tem alguma quest\u00e3o? Aqui disponibilizamos todos os contactos da Gatic\u00e3o - associa\u00e7\u00e3o de animais abandonados de Vagos.","og_url":"https:\/\/gaticao.pt\/en\/contactos\/","og_site_name":"Gatic\u00e3o","article_publisher":"https:\/\/www.facebook.com\/gaticao","article_modified_time":"2024-02-25T10:23:48+00:00","og_image":[{"width":1280,"height":350,"url":"https:\/\/gaticao.pt\/wp-content\/uploads\/2022\/05\/Banner_Easy-Resize.com_.jpg","type":"image\/jpeg"}],"twitter_card":"summary_large_image","twitter_misc":{"Estimated reading time":"1 minute"},"schema":{"@context":"https:\/\/schema.org","@graph":[{"@type":["WebPage","ContactPage"],"@id":"https:\/\/gaticao.pt\/contactos\/","url":"https:\/\/gaticao.pt\/contactos\/","name":"Contactos - Gatic\u00e3o","isPartOf":{"@id":"https:\/\/gaticao.pt\/#website"},"datePublished":"2022-04-08T14:14:12+00:00","dateModified":"2024-02-25T10:23:48+00:00","description":"Tem alguma quest\u00e3o? Aqui disponibilizamos todos os contactos da Gatic\u00e3o - associa\u00e7\u00e3o de animais abandonados de Vagos.","breadcrumb":{"@id":"https:\/\/gaticao.pt\/contactos\/#breadcrumb"},"inLanguage":"en-GB","potentialAction":[{"@type":"ReadAction","target":["https:\/\/gaticao.pt\/contactos\/"]}]},{"@type":"BreadcrumbList","@id":"https:\/\/gaticao.pt\/contactos\/#breadcrumb","itemListElement":[{"@type":"ListItem","position":1,"name":"In\u00edcio","item":"https:\/\/gaticao.pt\/"},{"@type":"ListItem","position":2,"name":"Contactos"}]},{"@type":"WebSite","@id":"https:\/\/gaticao.pt\/#website","url":"https:\/\/gaticao.pt\/","name":"Gatic\u00e3o","description":"Associa\u00e7\u00e3o dos Amigos dos Animais Abandonados de Vagos","publisher":{"@id":"https:\/\/gaticao.pt\/#organization"},"potentialAction":[{"@type":"SearchAction","target":{"@type":"EntryPoint","urlTemplate":"https:\/\/gaticao.pt\/?s={search_term_string}"},"query-input":"required name=search_term_string"}],"inLanguage":"en-GB"},{"@type":"Organization","@id":"https:\/\/gaticao.pt\/#organization","name":"Gatic\u00e3o - Associa\u00e7\u00e3o dos Amigos dos Animais Abandonados","url":"https:\/\/gaticao.pt\/","logo":{"@type":"ImageObject","inLanguage":"en-GB","@id":"https:\/\/gaticao.pt\/#\/schema\/logo\/image\/","url":"https:\/\/gaticao.pt\/wp-content\/uploads\/2022\/04\/gaticao.png","contentUrl":"https:\/\/gaticao.pt\/wp-content\/uploads\/2022\/04\/gaticao.png","width":207,"height":243,"caption":"Gatic\u00e3o - Associa\u00e7\u00e3o dos Amigos dos Animais Abandonados"},"image":{"@id":"https:\/\/gaticao.pt\/#\/schema\/logo\/image\/"},"sameAs":["https:\/\/www.facebook.com\/gaticao","https:\/\/www.linkedin.com\/company\/associao-gatico\/","https:\/\/www.youtube.com\/channel\/UCNiOXDqcc5764EWTcuenOLw","https:\/\/www.instagram.com\/gaticao_associacao\/"]}]}},"_links":{"self":[{"href":"https:\/\/gaticao.pt\/en\/wp-json\/wp\/v2\/pages\/41","targetHints":{"allow":["GET"]}}],"collection":[{"href":"https:\/\/gaticao.pt\/en\/wp-json\/wp\/v2\/pages"}],"about":[{"href":"https:\/\/gaticao.pt\/en\/wp-json\/wp\/v2\/types\/page"}],"author":[{"embeddable":true,"href":"https:\/\/gaticao.pt\/en\/wp-json\/wp\/v2\/users\/5"}],"replies":[{"embeddable":true,"href":"https:\/\/gaticao.pt\/en\/wp-json\/wp\/v2\/comments?post=41"}],"version-history":[{"count":114,"href":"https:\/\/gaticao.pt\/en\/wp-json\/wp\/v2\/pages\/41\/revisions"}],"predecessor-version":[{"id":1802,"href":"https:\/\/gaticao.pt\/en\/wp-json\/wp\/v2\/pages\/41\/revisions\/1802"}],"wp:featuredmedia":[{"embeddable":true,"href":"https:\/\/gaticao.pt\/en\/wp-json\/wp\/v2\/media\/1243"}],"wp:attachment":[{"href":"https:\/\/gaticao.pt\/en\/wp-json\/wp\/v2\/media?parent=41"}],"curies":[{"name":"wp","href":"https:\/\/api.w.org\/{rel}","templated":true}]}}