{"id":440,"date":"2022-04-28T12:36:45","date_gmt":"2022-04-28T11:36:45","guid":{"rendered":"https:\/\/gaticao.pt\/?post_type=product&#038;p=440"},"modified":"2022-05-24T19:22:27","modified_gmt":"2022-05-24T18:22:27","slug":"cabaz-veterinario","status":"publish","type":"product","link":"https:\/\/gaticao.pt\/en\/product\/cabaz-veterinario\/","title":{"rendered":"Veterinarian"},"content":{"rendered":"<p>Ajude com as despesas veterin\u00e1rias da associa\u00e7\u00e3o atrav\u00e9s do nosso cabaz veterin\u00e1rio.<\/p>\n<p>Mas como?<\/p>\n<p>Este cabaz vale, aproximadamente:<\/p>\n<p>&#8211; 1 consulta no veterin\u00e1rio<\/p>\n<p>Com o seu contributo conseguimos garantir cuidados veterin\u00e1rios aos nossos animais, como vacina\u00e7\u00e3o, esteriliza\u00e7\u00e3o ou cuidados mais espec\u00edficos de cada um dos nossos patudos.<\/p>\n<p>Conhe\u00e7a os outros cabazes dispon\u00edveis ou outras <a href=\"https:\/\/gaticao.pt\/en\/apoiar\/\">formas de apoiar a associa\u00e7\u00e3o<\/a>.<\/p>","protected":false},"excerpt":{"rendered":"<p>Ajude com as despesas veterin\u00e1rias da associa\u00e7\u00e3o atrav\u00e9s do nosso cabaz veterin\u00e1rio. Mas como? Este cabaz vale, aproximadamente: &#8211; 1 consulta no veterin\u00e1rio Com o seu contributo conseguimos garantir cuidados veterin\u00e1rios aos nossos animais, como vacina\u00e7\u00e3o, esteriliza\u00e7\u00e3o ou cuidados mais espec\u00edficos de cada um dos nossos patudos. Conhe\u00e7a os outros cabazes dispon\u00edveis ou outras formas [&hellip;]<\/p>","protected":false},"featured_media":1181,"template":"","meta":[],"product_cat":[31],"product_tag":[],"class_list":["post-440","product","type-product","status-publish","has-post-thumbnail","hentry","product_cat-sem-categoria"],"yoast_head":"<!-- This site is optimized with the Yoast SEO plugin v21.0 - https:\/\/yoast.com\/wordpress\/plugins\/seo\/ -->\n<title>Cabaz Veterin\u00e1rio - Gatic\u00e3o<\/title>\n<meta name=\"description\" content=\"Contribua para a alimenta\u00e7\u00e3o dos animais abandonados da associa\u00e7\u00e3o Gatic\u00e3o, em Vagos, atrav\u00e9s do cabaz veterin\u00e1rio.\" \/>\n<meta name=\"robots\" content=\"index, follow, max-snippet:-1, max-image-preview:large, max-video-preview:-1\" \/>\n<link rel=\"canonical\" href=\"https:\/\/gaticao.pt\/en\/product\/cabaz-veterinario\/\" \/>\n<meta property=\"og:locale\" content=\"en_GB\" \/>\n<meta property=\"og:type\" content=\"article\" \/>\n<meta property=\"og:title\" content=\"Cabaz Veterin\u00e1rio - Apoiar a Associa\u00e7\u00e3o Gatic\u00e3o\" \/>\n<meta property=\"og:description\" content=\"Contribua para a alimenta\u00e7\u00e3o dos animais abandonados da associa\u00e7\u00e3o Gatic\u00e3o, em Vagos, atrav\u00e9s do cabaz veterin\u00e1rio.\" \/>\n<meta property=\"og:url\" content=\"https:\/\/gaticao.pt\/en\/product\/cabaz-veterinario\/\" \/>\n<meta property=\"og:site_name\" content=\"Gatic\u00e3o\" \/>\n<meta property=\"article:publisher\" content=\"https:\/\/www.facebook.com\/gaticao\" \/>\n<meta property=\"article:modified_time\" content=\"2022-05-24T18:22:27+00:00\" \/>\n<meta property=\"og:image\" content=\"https:\/\/gaticao.pt\/wp-content\/uploads\/2022\/05\/Banner_Easy-Resize.com_.jpg\" \/>\n\t<meta property=\"og:image:width\" content=\"1280\" \/>\n\t<meta property=\"og:image:height\" content=\"350\" \/>\n\t<meta property=\"og:image:type\" content=\"image\/jpeg\" \/>\n<meta name=\"twitter:card\" content=\"summary_large_image\" \/>\n<script type=\"application\/ld+json\" class=\"yoast-schema-graph\">{\"@context\":\"https:\/\/schema.org\",\"@graph\":[{\"@type\":[\"WebPage\",\"ItemPage\"],\"@id\":\"https:\/\/gaticao.pt\/produto\/cabaz-veterinario\/\",\"url\":\"https:\/\/gaticao.pt\/produto\/cabaz-veterinario\/\",\"name\":\"Cabaz Veterin\u00e1rio - Gatic\u00e3o\",\"isPartOf\":{\"@id\":\"https:\/\/gaticao.pt\/#website\"},\"datePublished\":\"2022-04-28T11:36:45+00:00\",\"dateModified\":\"2022-05-24T18:22:27+00:00\",\"description\":\"Contribua para a alimenta\u00e7\u00e3o dos animais abandonados da associa\u00e7\u00e3o Gatic\u00e3o, em Vagos, atrav\u00e9s do cabaz veterin\u00e1rio.\",\"breadcrumb\":{\"@id\":\"https:\/\/gaticao.pt\/produto\/cabaz-veterinario\/#breadcrumb\"},\"inLanguage\":\"en-GB\",\"potentialAction\":[{\"@type\":\"ReadAction\",\"target\":[\"https:\/\/gaticao.pt\/produto\/cabaz-veterinario\/\"]}]},{\"@type\":\"BreadcrumbList\",\"@id\":\"https:\/\/gaticao.pt\/produto\/cabaz-veterinario\/#breadcrumb\",\"itemListElement\":[{\"@type\":\"ListItem\",\"position\":1,\"name\":\"In\u00edcio\",\"item\":\"https:\/\/gaticao.pt\/\"},{\"@type\":\"ListItem\",\"position\":2,\"name\":\"Loja\",\"item\":\"https:\/\/gaticao.pt\/loja\/\"},{\"@type\":\"ListItem\",\"position\":3,\"name\":\"Cabaz Veterin\u00e1rio\"}]},{\"@type\":\"WebSite\",\"@id\":\"https:\/\/gaticao.pt\/#website\",\"url\":\"https:\/\/gaticao.pt\/\",\"name\":\"Gatic\u00e3o\",\"description\":\"Associa\u00e7\u00e3o dos Amigos dos Animais Abandonados de Vagos\",\"publisher\":{\"@id\":\"https:\/\/gaticao.pt\/#organization\"},\"potentialAction\":[{\"@type\":\"SearchAction\",\"target\":{\"@type\":\"EntryPoint\",\"urlTemplate\":\"https:\/\/gaticao.pt\/?s={search_term_string}\"},\"query-input\":\"required name=search_term_string\"}],\"inLanguage\":\"en-GB\"},{\"@type\":\"Organization\",\"@id\":\"https:\/\/gaticao.pt\/#organization\",\"name\":\"Gatic\u00e3o - Associa\u00e7\u00e3o dos Amigos dos Animais Abandonados\",\"url\":\"https:\/\/gaticao.pt\/\",\"logo\":{\"@type\":\"ImageObject\",\"inLanguage\":\"en-GB\",\"@id\":\"https:\/\/gaticao.pt\/#\/schema\/logo\/image\/\",\"url\":\"https:\/\/gaticao.pt\/wp-content\/uploads\/2022\/04\/gaticao.png\",\"contentUrl\":\"https:\/\/gaticao.pt\/wp-content\/uploads\/2022\/04\/gaticao.png\",\"width\":207,\"height\":243,\"caption\":\"Gatic\u00e3o - Associa\u00e7\u00e3o dos Amigos dos Animais Abandonados\"},\"image\":{\"@id\":\"https:\/\/gaticao.pt\/#\/schema\/logo\/image\/\"},\"sameAs\":[\"https:\/\/www.facebook.com\/gaticao\",\"https:\/\/www.linkedin.com\/company\/associao-gatico\/\",\"https:\/\/www.youtube.com\/channel\/UCNiOXDqcc5764EWTcuenOLw\",\"https:\/\/www.instagram.com\/gaticao_associacao\/\"]}]}<\/script>\n<!-- \/ Yoast SEO plugin. -->","yoast_head_json":{"title":"Cabaz Veterin\u00e1rio - Gatic\u00e3o","description":"Contribua para a alimenta\u00e7\u00e3o dos animais abandonados da associa\u00e7\u00e3o Gatic\u00e3o, em Vagos, atrav\u00e9s do cabaz veterin\u00e1rio.","robots":{"index":"index","follow":"follow","max-snippet":"max-snippet:-1","max-image-preview":"max-image-preview:large","max-video-preview":"max-video-preview:-1"},"canonical":"https:\/\/gaticao.pt\/en\/product\/cabaz-veterinario\/","og_locale":"en_GB","og_type":"article","og_title":"Cabaz Veterin\u00e1rio - Apoiar a Associa\u00e7\u00e3o Gatic\u00e3o","og_description":"Contribua para a alimenta\u00e7\u00e3o dos animais abandonados da associa\u00e7\u00e3o Gatic\u00e3o, em Vagos, atrav\u00e9s do cabaz veterin\u00e1rio.","og_url":"https:\/\/gaticao.pt\/en\/product\/cabaz-veterinario\/","og_site_name":"Gatic\u00e3o","article_publisher":"https:\/\/www.facebook.com\/gaticao","article_modified_time":"2022-05-24T18:22:27+00:00","og_image":[{"width":1280,"height":350,"url":"https:\/\/gaticao.pt\/wp-content\/uploads\/2022\/05\/Banner_Easy-Resize.com_.jpg","type":"image\/jpeg"}],"twitter_card":"summary_large_image","schema":{"@context":"https:\/\/schema.org","@graph":[{"@type":["WebPage","ItemPage"],"@id":"https:\/\/gaticao.pt\/produto\/cabaz-veterinario\/","url":"https:\/\/gaticao.pt\/produto\/cabaz-veterinario\/","name":"Cabaz Veterin\u00e1rio - Gatic\u00e3o","isPartOf":{"@id":"https:\/\/gaticao.pt\/#website"},"datePublished":"2022-04-28T11:36:45+00:00","dateModified":"2022-05-24T18:22:27+00:00","description":"Contribua para a alimenta\u00e7\u00e3o dos animais abandonados da associa\u00e7\u00e3o Gatic\u00e3o, em Vagos, atrav\u00e9s do cabaz veterin\u00e1rio.","breadcrumb":{"@id":"https:\/\/gaticao.pt\/produto\/cabaz-veterinario\/#breadcrumb"},"inLanguage":"en-GB","potentialAction":[{"@type":"ReadAction","target":["https:\/\/gaticao.pt\/produto\/cabaz-veterinario\/"]}]},{"@type":"BreadcrumbList","@id":"https:\/\/gaticao.pt\/produto\/cabaz-veterinario\/#breadcrumb","itemListElement":[{"@type":"ListItem","position":1,"name":"In\u00edcio","item":"https:\/\/gaticao.pt\/"},{"@type":"ListItem","position":2,"name":"Loja","item":"https:\/\/gaticao.pt\/loja\/"},{"@type":"ListItem","position":3,"name":"Cabaz Veterin\u00e1rio"}]},{"@type":"WebSite","@id":"https:\/\/gaticao.pt\/#website","url":"https:\/\/gaticao.pt\/","name":"Gatic\u00e3o","description":"Associa\u00e7\u00e3o dos Amigos dos Animais Abandonados de Vagos","publisher":{"@id":"https:\/\/gaticao.pt\/#organization"},"potentialAction":[{"@type":"SearchAction","target":{"@type":"EntryPoint","urlTemplate":"https:\/\/gaticao.pt\/?s={search_term_string}"},"query-input":"required name=search_term_string"}],"inLanguage":"en-GB"},{"@type":"Organization","@id":"https:\/\/gaticao.pt\/#organization","name":"Gatic\u00e3o - Associa\u00e7\u00e3o dos Amigos dos Animais Abandonados","url":"https:\/\/gaticao.pt\/","logo":{"@type":"ImageObject","inLanguage":"en-GB","@id":"https:\/\/gaticao.pt\/#\/schema\/logo\/image\/","url":"https:\/\/gaticao.pt\/wp-content\/uploads\/2022\/04\/gaticao.png","contentUrl":"https:\/\/gaticao.pt\/wp-content\/uploads\/2022\/04\/gaticao.png","width":207,"height":243,"caption":"Gatic\u00e3o - Associa\u00e7\u00e3o dos Amigos dos Animais Abandonados"},"image":{"@id":"https:\/\/gaticao.pt\/#\/schema\/logo\/image\/"},"sameAs":["https:\/\/www.facebook.com\/gaticao","https:\/\/www.linkedin.com\/company\/associao-gatico\/","https:\/\/www.youtube.com\/channel\/UCNiOXDqcc5764EWTcuenOLw","https:\/\/www.instagram.com\/gaticao_associacao\/"]}]}},"_links":{"self":[{"href":"https:\/\/gaticao.pt\/en\/wp-json\/wp\/v2\/product\/440","targetHints":{"allow":["GET"]}}],"collection":[{"href":"https:\/\/gaticao.pt\/en\/wp-json\/wp\/v2\/product"}],"about":[{"href":"https:\/\/gaticao.pt\/en\/wp-json\/wp\/v2\/types\/product"}],"wp:featuredmedia":[{"embeddable":true,"href":"https:\/\/gaticao.pt\/en\/wp-json\/wp\/v2\/media\/1181"}],"wp:attachment":[{"href":"https:\/\/gaticao.pt\/en\/wp-json\/wp\/v2\/media?parent=440"}],"wp:term":[{"taxonomy":"product_cat","embeddable":true,"href":"https:\/\/gaticao.pt\/en\/wp-json\/wp\/v2\/product_cat?post=440"},{"taxonomy":"product_tag","embeddable":true,"href":"https:\/\/gaticao.pt\/en\/wp-json\/wp\/v2\/product_tag?post=440"}],"curies":[{"name":"wp","href":"https:\/\/api.w.org\/{rel}","templated":true}]}}